{"id":9,"date":"2022-06-20T21:28:10","date_gmt":"2022-06-20T19:28:10","guid":{"rendered":"http:\/\/monikasaniewska.pl\/?page_id=9"},"modified":"2024-02-07T22:31:48","modified_gmt":"2024-02-07T21:31:48","slug":"home","status":"publish","type":"page","link":"https:\/\/monikasaniewska.pl\/","title":{"rendered":"Home"},"content":{"rendered":"<p>[et_pb_section fb_built=&#8221;1&#8243; custom_padding_last_edited=&#8221;on|phone&#8221; admin_label=&#8221;Header&#8221; _builder_version=&#8221;4.17.4&#8243; _module_preset=&#8221;default&#8221; background_color=&#8221;rgba(0,0,0,0.04)&#8221; background_color_gradient_direction=&#8221;90deg&#8221; background_image=&#8221;https:\/\/monikasaniewska.pl\/wp-content\/uploads\/2022\/06\/bg.png&#8221; background_blend=&#8221;multiply&#8221; custom_margin=&#8221;-81px||||false|false&#8221; custom_padding=&#8221;80px|40px|0px|40px|false|true&#8221; custom_padding_tablet=&#8221;|10%||10%|false|true&#8221; custom_padding_phone=&#8221;|5%||5%|false|true&#8221; da_disable_devices=&#8221;off|off|off&#8221; locked=&#8221;off&#8221; global_colors_info=&#8221;{}&#8221; da_is_popup=&#8221;off&#8221; da_exit_intent=&#8221;off&#8221; da_has_close=&#8221;on&#8221; da_alt_close=&#8221;off&#8221; da_dark_close=&#8221;off&#8221; da_not_modal=&#8221;on&#8221; da_is_singular=&#8221;off&#8221; da_with_loader=&#8221;off&#8221; da_has_shadow=&#8221;on&#8221;][et_pb_row column_structure=&#8221;3_5,2_5&#8243; use_custom_gutter=&#8221;on&#8221; gutter_width=&#8221;1&#8243; make_equal=&#8221;on&#8221; _builder_version=&#8221;4.17.4&#8243; _module_preset=&#8221;default&#8221; positioning=&#8221;none&#8221; z_index=&#8221;0&#8243; width=&#8221;85%&#8221; max_width=&#8221;100%&#8221; custom_padding=&#8221;0px||0px||false|false&#8221; border_color_all=&#8221;#ffcf9a&#8221; border_width_bottom=&#8221;0px&#8221; border_width_all_tablet=&#8221;2px&#8221; border_width_all_phone=&#8221;&#8221; border_width_all_last_edited=&#8221;on|desktop&#8221; global_colors_info=&#8221;{}&#8221;][et_pb_column type=&#8221;3_5&#8243; _builder_version=&#8221;4.17.4&#8243; _module_preset=&#8221;default&#8221; background_enable_color=&#8221;off&#8221; custom_padding=&#8221;20vh|80px|20vh|80px|true|true&#8221; custom_padding_tablet=&#8221;60px|60px|60px|60px|true|true&#8221; custom_padding_phone=&#8221;10vh|20px|10vh|20px|true|true&#8221; custom_padding_last_edited=&#8221;on|phone&#8221; background_last_edited=&#8221;on|tablet&#8221; background_enable_color_tablet=&#8221;off&#8221; background_enable_color_phone=&#8221;off&#8221; custom_css_main_element=&#8221;align-self: center;&#8221; global_colors_info=&#8221;{}&#8221;][et_pb_text _builder_version=&#8221;4.17.4&#8243; _module_preset=&#8221;default&#8221; header_font=&#8221;Playfair Display||||||||&#8221; header_text_color=&#8221;#000000&#8243; header_font_size=&#8221;80px&#8221; header_line_height=&#8221;1.2em&#8221; header_3_font=&#8221;|700||on|||||&#8221; header_3_text_color=&#8221;#ffcf9a&#8221; header_3_font_size=&#8221;14px&#8221; header_3_letter_spacing=&#8221;2px&#8221; header_3_line_height=&#8221;1.2em&#8221; background_layout=&#8221;dark&#8221; animation_style=&#8221;slide&#8221; animation_direction=&#8221;left&#8221; animation_intensity_slide=&#8221;3%&#8221; animation_speed_curve=&#8221;ease-out&#8221; header_font_size_tablet=&#8221;80px&#8221; header_font_size_phone=&#8221;40px&#8221; header_font_size_last_edited=&#8221;on|phone&#8221; global_colors_info=&#8221;{}&#8221;]<\/p>\n<h3>Dietetyk Kliniczny<\/h3>\n<h1>Monika Saniewska<\/h1>\n<p>[\/et_pb_text][et_pb_text _builder_version=&#8221;4.17.4&#8243; _module_preset=&#8221;default&#8221; text_font=&#8221;Montserrat|300|||||||&#8221; text_text_color=&#8221;#ffebd6&#8243; text_font_size=&#8221;32px&#8221; text_line_height=&#8221;1.5em&#8221; header_3_font=&#8221;|700||on|||||&#8221; header_3_text_color=&#8221;#ffcf9a&#8221; header_3_font_size=&#8221;14px&#8221; header_3_letter_spacing=&#8221;2px&#8221; header_3_line_height=&#8221;1.2em&#8221; background_layout=&#8221;dark&#8221; max_width=&#8221;550px&#8221; custom_margin=&#8221;||2rem||false|false&#8221; animation_style=&#8221;slide&#8221; animation_direction=&#8221;left&#8221; animation_delay=&#8221;250ms&#8221; animation_intensity_slide=&#8221;3%&#8221; text_font_size_tablet=&#8221;24px&#8221; text_font_size_phone=&#8221;20px&#8221; text_font_size_last_edited=&#8221;on|phone&#8221; text_text_shadow_style=&#8221;preset3&#8243; text_text_shadow_color=&#8221;#000000&#8243; global_colors_info=&#8221;{}&#8221;]<\/p>\n<p>Pomog\u0119 ci skutecznie wr\u00f3ci\u0107 do zdrowia!<\/p>\n<p>[\/et_pb_text][et_pb_button button_url=&#8221;#contact-form&#8221; button_text=&#8221;konsultacja&#8221; _builder_version=&#8221;4.17.4&#8243; _module_preset=&#8221;default&#8221; custom_button=&#8221;on&#8221; button_text_size=&#8221;14px&#8221; button_text_color=&#8221;#ffcf9a&#8221; button_border_color=&#8221;#ffcf9a&#8221; button_border_radius=&#8221;0px&#8221; button_letter_spacing=&#8221;2px&#8221; button_font=&#8221;Montserrat|700||on|||||&#8221; custom_padding=&#8221;15px|25px|15px|25px|true|true&#8221; animation_style=&#8221;slide&#8221; animation_direction=&#8221;left&#8221; animation_delay=&#8221;250ms&#8221; animation_intensity_slide=&#8221;3%&#8221; global_colors_info=&#8221;{}&#8221; button_text_color__hover=&#8221;#160b00&#8243; button_text_color__hover_enabled=&#8221;on&#8221; button_border_color__hover=&#8221;#ffcf9a&#8221; button_border_color__hover_enabled=&#8221;on&#8221; button_bg_color__hover=&#8221;#ffcf9a&#8221; button_bg_color__hover_enabled=&#8221;on&#8221; button_bg_enable_color__hover=&#8221;on&#8221;][\/et_pb_button][\/et_pb_column][et_pb_column type=&#8221;2_5&#8243; _builder_version=&#8221;4.17.4&#8243; _module_preset=&#8221;default&#8221; positioning=&#8221;none&#8221; custom_padding=&#8221;||0px||false|false&#8221; custom_css_main_element=&#8221;overflow: hidden;&#8221; global_colors_info=&#8221;{}&#8221;][et_pb_image src=&#8221;https:\/\/monikasaniewska.pl\/wp-content\/uploads\/2022\/06\/Monika-Saniewska.png&#8221; title_text=&#8221;Monika Saniewska&#8221; force_fullwidth=&#8221;on&#8221; _builder_version=&#8221;4.17.4&#8243; _module_preset=&#8221;default&#8221; positioning=&#8221;relative&#8221; position_origin_a=&#8221;bottom_center&#8221; vertical_offset=&#8221;90px&#8221; vertical_offset_tablet=&#8221;0px&#8221; vertical_offset_phone=&#8221;0px&#8221; vertical_offset_last_edited=&#8221;on|phone&#8221; position_origin_a_tablet=&#8221;bottom_left&#8221; position_origin_a_phone=&#8221;bottom_left&#8221; position_origin_a_last_edited=&#8221;on|desktop&#8221; position_origin_f_tablet=&#8221;&#8221; position_origin_f_phone=&#8221;&#8221; position_origin_f_last_edited=&#8221;on|desktop&#8221; position_origin_r_tablet=&#8221;&#8221; position_origin_r_phone=&#8221;&#8221; position_origin_r_last_edited=&#8221;on|desktop&#8221; custom_margin=&#8221;||0px||false|false&#8221; custom_padding=&#8221;||0px||false|false&#8221; animation_style=&#8221;slide&#8221; animation_direction=&#8221;bottom&#8221; animation_intensity_slide=&#8221;3%&#8221; positioning_tablet=&#8221;none&#8221; positioning_phone=&#8221;none&#8221; positioning_last_edited=&#8221;on|desktop&#8221; global_colors_info=&#8221;{}&#8221;][\/et_pb_image][\/et_pb_column][\/et_pb_row][et_pb_row _builder_version=&#8221;4.17.4&#8243; _module_preset=&#8221;default&#8221; positioning=&#8221;absolute&#8221; position_origin_a=&#8221;bottom_center&#8221; vertical_offset=&#8221;-53px&#8221; z_index=&#8221;131&#8243; global_colors_info=&#8221;{}&#8221;][et_pb_column type=&#8221;4_4&#8243; _builder_version=&#8221;4.17.4&#8243; _module_preset=&#8221;default&#8221; global_colors_info=&#8221;{}&#8221;][et_pb_social_media_follow use_icon_font_size=&#8221;on&#8221; icon_font_size=&#8221;20px&#8221; _builder_version=&#8221;4.17.4&#8243; _module_preset=&#8221;default&#8221; positioning=&#8221;absolute&#8221; position_origin_a=&#8221;bottom_center&#8221; text_orientation=&#8221;center&#8221; width=&#8221;100%&#8221; animation_style=&#8221;slide&#8221; animation_direction=&#8221;top&#8221; box_shadow_style=&#8221;preset1&#8243; global_colors_info=&#8221;{}&#8221;][et_pb_social_media_follow_network social_network=&#8221;facebook&#8221; _builder_version=&#8221;4.17.4&#8243; _module_preset=&#8221;default&#8221; background_color=&#8221;#000000&#8243; background_enable_color=&#8221;on&#8221; custom_margin=&#8221;|20px||20px|false|true&#8221; global_colors_info=&#8221;{}&#8221; background__hover_enabled=&#8221;on|hover&#8221; background_color__hover=&#8221;#ffcf9a&#8221; background_enable_color__hover=&#8221;on&#8221; follow_button=&#8221;off&#8221; url_new_window=&#8221;on&#8221;]facebook[\/et_pb_social_media_follow_network][et_pb_social_media_follow_network social_network=&#8221;instagram&#8221; _builder_version=&#8221;4.17.4&#8243; _module_preset=&#8221;default&#8221; background_color=&#8221;#000000&#8243; background_enable_color=&#8221;on&#8221; custom_margin=&#8221;|20px||20px|false|true&#8221; global_colors_info=&#8221;{}&#8221; background_color__hover=&#8221;#ffcf9a&#8221; background__hover_enabled=&#8221;on|desktop&#8221; background_enable_color__hover=&#8221;on&#8221; follow_button=&#8221;off&#8221; url_new_window=&#8221;on&#8221;]instagram[\/et_pb_social_media_follow_network][et_pb_social_media_follow_network social_network=&#8221;tiktok&#8221; _builder_version=&#8221;4.17.4&#8243; _module_preset=&#8221;default&#8221; background_color=&#8221;#000000&#8243; background_enable_color=&#8221;on&#8221; custom_margin=&#8221;|20px||20px|false|true&#8221; global_colors_info=&#8221;{}&#8221; background_color__hover=&#8221;#ffcf9a&#8221; background__hover_enabled=&#8221;on|hover&#8221; background_enable_color__hover=&#8221;on&#8221; follow_button=&#8221;off&#8221; url_new_window=&#8221;on&#8221;]tiktok[\/et_pb_social_media_follow_network][\/et_pb_social_media_follow][\/et_pb_column][\/et_pb_row][\/et_pb_section][et_pb_section fb_built=&#8221;1&#8243; _builder_version=&#8221;4.17.4&#8243; _module_preset=&#8221;default&#8221; background_color=&#8221;#FFFFFF&#8221; background_enable_color=&#8221;off&#8221; custom_padding=&#8221;130px||80px||false|false&#8221; da_disable_devices=&#8221;off|off|off&#8221; global_colors_info=&#8221;{}&#8221; da_is_popup=&#8221;off&#8221; da_exit_intent=&#8221;off&#8221; da_has_close=&#8221;on&#8221; da_alt_close=&#8221;off&#8221; da_dark_close=&#8221;off&#8221; da_not_modal=&#8221;on&#8221; da_is_singular=&#8221;off&#8221; da_with_loader=&#8221;off&#8221; da_has_shadow=&#8221;on&#8221;][et_pb_row column_structure=&#8221;1_3,1_3,1_3&#8243; use_custom_gutter=&#8221;on&#8221; gutter_width=&#8221;4&#8243; make_equal=&#8221;on&#8221; _builder_version=&#8221;4.17.4&#8243; _module_preset=&#8221;default&#8221; width=&#8221;90%&#8221; max_width=&#8221;none&#8221; custom_margin=&#8221;|||||false&#8221; custom_padding=&#8221;|53px||53px|false|true&#8221; border_width_all=&#8221;1px&#8221; border_color_all=&#8221;#ffcf9a&#8221; global_colors_info=&#8221;{}&#8221;][et_pb_column type=&#8221;1_3&#8243; _builder_version=&#8221;4.17.4&#8243; _module_preset=&#8221;default&#8221; global_colors_info=&#8221;{}&#8221;][et_pb_blurb title=&#8221;Spos\u00f3b \u017cywienia dopasowany do Ciebie&#8221; image=&#8221;https:\/\/monikasaniewska.pl\/wp-content\/uploads\/2022\/06\/Healthy-meal-_Monochromatic.png&#8221; image_icon_width=&#8221;50%&#8221; _builder_version=&#8221;4.17.4&#8243; _module_preset=&#8221;default&#8221; header_level=&#8221;h3&#8243; header_font=&#8221;Playfair Display||||||||&#8221; header_font_size=&#8221;25px&#8221; body_text_color=&#8221;#000000&#8243; image_icon_custom_margin=&#8221;||1rem||false|false&#8221; custom_margin=&#8221;||||false|false&#8221; custom_css_blurb_title=&#8221;margin-bottom: 15px;&#8221; global_colors_info=&#8221;{}&#8221;]<\/p>\n<p>Oparty na szczeg\u00f3\u0142owych badaniach i wywiadze zestaw da\u0144 i wskaz\u00f3wek pozwoli osi\u0105gn\u0105\u0107 Twoje cele &#8211; od utraty wagi, po nawet zaj\u015bci\u0119 w ci\u0105\u017ce.\u00a0<\/p>\n<p>&nbsp;<\/p>\n<p>[\/et_pb_blurb][\/et_pb_column][et_pb_column type=&#8221;1_3&#8243; _builder_version=&#8221;4.17.4&#8243; _module_preset=&#8221;default&#8221; global_colors_info=&#8221;{}&#8221;][et_pb_blurb title=&#8221;Zadbajmy o Twoje zdrowie&#8221; image=&#8221;https:\/\/monikasaniewska.pl\/wp-content\/uploads\/2022\/06\/Doctor_Monochromatic.png&#8221; image_icon_width=&#8221;50%&#8221; _builder_version=&#8221;4.17.4&#8243; _module_preset=&#8221;default&#8221; header_level=&#8221;h3&#8243; header_font=&#8221;Playfair Display||||||||&#8221; header_font_size=&#8221;25px&#8221; body_text_color=&#8221;#000000&#8243; image_icon_custom_margin=&#8221;||1rem||false|false&#8221; custom_margin=&#8221;||||false|false&#8221; custom_css_blurb_title=&#8221;margin-bottom: 15px;&#8221; global_colors_info=&#8221;{}&#8221;]<\/p>\n<p>Insulinooporno\u015b\u0107, oty\u0142o\u015b\u0107 czy nieprawid\u0142owo\u015bci hormonalne to tylko niekt\u00f3re z chor\u00f3b, kt\u00f3re dotykaj\u0105 bardzo du\u017co ludzi wsp\u00f3\u0142cze\u015bnie. Zadbajmy o to, aby\u015b wyzdrowia\u0142 i pozosta\u0107 zdrowym!<\/p>\n<p>[\/et_pb_blurb][\/et_pb_column][et_pb_column type=&#8221;1_3&#8243; _builder_version=&#8221;4.17.4&#8243; _module_preset=&#8221;default&#8221; global_colors_info=&#8221;{}&#8221;][et_pb_blurb title=&#8221;Realizuj Siebie&#8221; image=&#8221;https:\/\/monikasaniewska.pl\/wp-content\/uploads\/2022\/06\/Adventure-_Monochromatic.png&#8221; image_icon_width=&#8221;50%&#8221; _builder_version=&#8221;4.17.4&#8243; _module_preset=&#8221;default&#8221; header_level=&#8221;h3&#8243; header_font=&#8221;Playfair Display||||||||&#8221; header_font_size=&#8221;25px&#8221; body_text_color=&#8221;#000000&#8243; image_icon_custom_margin=&#8221;||1rem||false|false&#8221; custom_margin=&#8221;||||false|false&#8221; custom_css_blurb_title=&#8221;margin-bottom: 15px;&#8221; global_colors_info=&#8221;{}&#8221;]<\/p>\n<p>Wr\u00f3c do robienia tego co lubisz i co sprawia Ci przyjemno\u015b\u0107. Zmie\u0144 nieprawid\u0142owe nawyki \u017cywieniowe, aby m\u00f3c czerpa\u0107 przyjemno\u015b\u0107 z \u017cycia przez d\u0142ugie lata!<\/p>\n<p>[\/et_pb_blurb][\/et_pb_column][\/et_pb_row][et_pb_row _builder_version=&#8221;4.17.4&#8243; _module_preset=&#8221;default&#8221; global_colors_info=&#8221;{}&#8221;][et_pb_column type=&#8221;4_4&#8243; _builder_version=&#8221;4.17.4&#8243; _module_preset=&#8221;default&#8221; global_colors_info=&#8221;{}&#8221;][et_pb_text _builder_version=&#8221;4.17.4&#8243; _module_preset=&#8221;default&#8221; header_3_font=&#8221;Playfair Display|600|||||||&#8221; header_3_text_color=&#8221;#000000&#8243; header_3_font_size=&#8221;25px&#8221; locked=&#8221;off&#8221; global_colors_info=&#8221;{}&#8221;]<\/p>\n<h3 style=\"text-align: center;\">Sprawd\u017a jak mog\u0119 Ci pom\u00f3c &#8211; napisz.<\/h3>\n<p>[\/et_pb_text][et_pb_button button_url=&#8221;#contact-form&#8221; button_text=&#8221;konsultacja&#8221; button_alignment=&#8221;center&#8221; _builder_version=&#8221;4.17.4&#8243; _module_preset=&#8221;default&#8221; custom_button=&#8221;on&#8221; button_text_size=&#8221;14px&#8221; button_text_color=&#8221;#ffcf9a&#8221; button_border_color=&#8221;#ffcf9a&#8221; button_border_radius=&#8221;0px&#8221; button_letter_spacing=&#8221;2px&#8221; button_font=&#8221;Montserrat|700||on|||||&#8221; custom_padding=&#8221;15px|25px|15px|25px|true|true&#8221; animation_style=&#8221;slide&#8221; animation_direction=&#8221;bottom&#8221; animation_delay=&#8221;400ms&#8221; global_colors_info=&#8221;{}&#8221; button_text_color__hover=&#8221;#160b00&#8243; button_text_color__hover_enabled=&#8221;on&#8221; button_border_color__hover=&#8221;#ffcf9a&#8221; button_border_color__hover_enabled=&#8221;on&#8221; button_bg_color__hover=&#8221;#ffcf9a&#8221; button_bg_color__hover_enabled=&#8221;on&#8221; button_bg_enable_color__hover=&#8221;on&#8221;][\/et_pb_button][\/et_pb_column][\/et_pb_row][\/et_pb_section][et_pb_section fb_built=&#8221;1&#8243; admin_label=&#8221;About&#8221; _builder_version=&#8221;4.17.4&#8243; _module_preset=&#8221;default&#8221; background_color=&#8221;rgba(0,0,0,0.03)&#8221; da_disable_devices=&#8221;off|off|off&#8221; locked=&#8221;off&#8221; global_colors_info=&#8221;{}&#8221; da_is_popup=&#8221;off&#8221; da_exit_intent=&#8221;off&#8221; da_has_close=&#8221;on&#8221; da_alt_close=&#8221;off&#8221; da_dark_close=&#8221;off&#8221; da_not_modal=&#8221;on&#8221; da_is_singular=&#8221;off&#8221; da_with_loader=&#8221;off&#8221; da_has_shadow=&#8221;on&#8221;][et_pb_row column_structure=&#8221;2_5,3_5&#8243; make_equal=&#8221;on&#8221; _builder_version=&#8221;4.17.4&#8243; _module_preset=&#8221;default&#8221; global_colors_info=&#8221;{}&#8221;][et_pb_column type=&#8221;2_5&#8243; _builder_version=&#8221;4.17.4&#8243; _module_preset=&#8221;default&#8221; border_width_all=&#8221;2px&#8221; border_color_all=&#8221;#ffcf9a&#8221; global_colors_info=&#8221;{}&#8221;][et_pb_image src=&#8221;https:\/\/monikasaniewska.pl\/wp-content\/uploads\/2022\/06\/Monika-Saniewska-1.png&#8221; title_text=&#8221;Monika Saniewska&#8221; align=&#8221;center&#8221; _builder_version=&#8221;4.17.4&#8243; _module_preset=&#8221;default&#8221; z_index=&#8221;0&#8243; max_width_phone=&#8221;150px&#8221; max_width_last_edited=&#8221;off|desktop&#8221; custom_margin=&#8221;30px|-30px|-1px|-30px|false|true&#8221; custom_padding=&#8221;||0px||false|false&#8221; locked=&#8221;off&#8221; global_colors_info=&#8221;{}&#8221;][\/et_pb_image][\/et_pb_column][et_pb_column type=&#8221;3_5&#8243; _builder_version=&#8221;4.17.4&#8243; _module_preset=&#8221;default&#8221; custom_padding=&#8221;||||false|false&#8221; custom_padding_tablet=&#8221;0px||||false|false&#8221; custom_padding_phone=&#8221;&#8221; custom_padding_last_edited=&#8221;on|phone&#8221; custom_css_main_element=&#8221;align-self: center;&#8221; global_colors_info=&#8221;{}&#8221;][et_pb_text _builder_version=&#8221;4.17.4&#8243; _module_preset=&#8221;default&#8221; text_text_color=&#8221;#000000&#8243; text_font_size=&#8221;16px&#8221; text_line_height=&#8221;1.8em&#8221; header_2_font=&#8221;Playfair Display||||||||&#8221; header_2_text_color=&#8221;#000000&#8243; header_2_font_size=&#8221;60px&#8221; header_2_line_height=&#8221;1.2em&#8221; header_3_font=&#8221;|700||on|||||&#8221; header_3_text_color=&#8221;#ffcf9a&#8221; header_3_font_size=&#8221;14px&#8221; header_3_letter_spacing=&#8221;2px&#8221; header_3_line_height=&#8221;1.2em&#8221; header_5_font=&#8221;|700||on|||||&#8221; header_5_text_color=&#8221;#ffcf9a&#8221; header_5_font_size=&#8221;14px&#8221; header_5_letter_spacing=&#8221;2px&#8221; header_5_line_height=&#8221;1.2em&#8221; background_layout=&#8221;dark&#8221; max_width=&#8221;550px&#8221; header_2_font_size_tablet=&#8221;40px&#8221; header_2_font_size_phone=&#8221;30px&#8221; header_2_font_size_last_edited=&#8221;on|phone&#8221; locked=&#8221;off&#8221; global_colors_info=&#8221;{}&#8221;]<\/p>\n<h3>O Mnie<\/h3>\n<h2>Dietetyk kliniczny z wykszta\u0142cenia i ogromnej pasji<\/h2>\n<p><span style=\"font-weight: 400;\">Praca z pacjentami daje mi niebywa\u0142\u0105 satysfakcj\u0119, a tak\u017ce spe\u0142nienie zawodowe.<\/span><\/p>\n<p><span style=\"font-weight: 400;\">Ponadto jestem trenerem personalnym, a sama nieustannie trenuj\u0119 odk\u0105d w\u0142a\u015bciwie pami\u0119tam.<\/span><\/p>\n<p><span style=\"font-weight: 400;\">Jako dietetyk kliniczny specjalizuj\u0119 si\u0119 w zaburzeniach metabolicznych, szczeg\u00f3lnie z zakresu endokrynologii, diabetologii oraz gastroenterologii.<\/span><\/p>\n<p>[\/et_pb_text][et_pb_button button_url=&#8221;@ET-DC@eyJkeW5hbWljIjp0cnVlLCJjb250ZW50IjoicG9zdF9saW5rX3VybF9wYWdlIiwic2V0dGluZ3MiOnsicG9zdF9pZCI6Ijg4In19@&#8221; button_text=&#8221;Wi\u0119cej&#8221; _builder_version=&#8221;4.17.4&#8243; _dynamic_attributes=&#8221;button_url&#8221; _module_preset=&#8221;default&#8221; custom_button=&#8221;on&#8221; button_text_size=&#8221;14px&#8221; button_text_color=&#8221;#ffcf9a&#8221; button_border_color=&#8221;#ffcf9a&#8221; button_border_radius=&#8221;0px&#8221; button_letter_spacing=&#8221;2px&#8221; button_font=&#8221;Montserrat|700||on|||||&#8221; custom_padding=&#8221;15px|25px|15px|25px|true|true&#8221; global_colors_info=&#8221;{}&#8221; button_text_color__hover=&#8221;#160b00&#8243; button_text_color__hover_enabled=&#8221;on&#8221; button_bg_color__hover=&#8221;#ffcf9a&#8221; button_bg_color__hover_enabled=&#8221;on&#8221; button_border_color__hover=&#8221;#ffcf9a&#8221; button_border_color__hover_enabled=&#8221;on&#8221; button_bg_enable_color__hover=&#8221;on&#8221;][\/et_pb_button][\/et_pb_column][\/et_pb_row][\/et_pb_section][et_pb_section fb_built=&#8221;1&#8243; _builder_version=&#8221;4.17.4&#8243; _module_preset=&#8221;default&#8221; da_disable_devices=&#8221;off|off|off&#8221; global_colors_info=&#8221;{}&#8221; da_is_popup=&#8221;off&#8221; da_exit_intent=&#8221;off&#8221; da_has_close=&#8221;on&#8221; da_alt_close=&#8221;off&#8221; da_dark_close=&#8221;off&#8221; da_not_modal=&#8221;on&#8221; da_is_singular=&#8221;off&#8221; da_with_loader=&#8221;off&#8221; da_has_shadow=&#8221;on&#8221;][et_pb_row _builder_version=&#8221;4.17.4&#8243; _module_preset=&#8221;default&#8221; global_colors_info=&#8221;{}&#8221;][et_pb_column type=&#8221;4_4&#8243; _builder_version=&#8221;4.17.4&#8243; _module_preset=&#8221;default&#8221; global_colors_info=&#8221;{}&#8221;][et_pb_text _builder_version=&#8221;4.17.4&#8243; _module_preset=&#8221;default&#8221; text_text_color=&#8221;#000000&#8243; text_font_size=&#8221;16px&#8221; text_line_height=&#8221;1.8em&#8221; header_2_font=&#8221;Playfair Display||||||||&#8221; header_2_text_color=&#8221;#000000&#8243; header_2_font_size=&#8221;60px&#8221; header_2_line_height=&#8221;1.2em&#8221; header_3_font=&#8221;|700||on|||||&#8221; header_3_text_color=&#8221;#ffcf9a&#8221; header_3_font_size=&#8221;14px&#8221; header_3_letter_spacing=&#8221;2px&#8221; header_3_line_height=&#8221;1.2em&#8221; header_5_font=&#8221;|700||on|||||&#8221; header_5_text_color=&#8221;#ffcf9a&#8221; header_5_font_size=&#8221;14px&#8221; header_5_letter_spacing=&#8221;2px&#8221; header_5_line_height=&#8221;1.2em&#8221; background_layout=&#8221;dark&#8221; max_width=&#8221;100%&#8221; header_2_font_size_tablet=&#8221;40px&#8221; header_2_font_size_phone=&#8221;30px&#8221; header_2_font_size_last_edited=&#8221;on|phone&#8221; locked=&#8221;off&#8221; global_colors_info=&#8221;{}&#8221;]<\/p>\n<h3>darmowa wiedza<\/h3>\n<h2>Blog<\/h2>\n<p>Poznaj podstawy, i nie tylko, zdrowego sposobu od\u017cywiania si\u0119 i zag\u0142\u0119b si\u0119 w tajniki dietetyki razem ze mn\u0105.<\/p>\n<p>[\/et_pb_text][et_pb_post_slider show_meta=&#8221;off&#8221; use_text_overlay=&#8221;off&#8221; arrows_custom_color=&#8221;#ffcf9a&#8221; dot_nav_custom_color=&#8221;#ffcf9a&#8221; _builder_version=&#8221;4.17.4&#8243; _module_preset=&#8221;default&#8221; custom_button=&#8221;on&#8221; button_text_size=&#8221;14px&#8221; button_text_color=&#8221;#ffcf9a&#8221; button_border_color=&#8221;#ffcf9a&#8221; button_border_radius=&#8221;0px&#8221; button_letter_spacing=&#8221;2px&#8221; button_font=&#8221;Montserrat|700||on|||||&#8221; custom_css_before=&#8221;content: &#8221;;||position: absolute;||width: 5rem;||height: 5rem;||border:2px solid #ffcf9a;||z-index: 20;||bottom: 0;||left: 0;||transform: rotate(45deg) translatey(70%) ;&#8221; custom_css_after=&#8221;content: &#8221;;||position: absolute;||width: 5rem;||height: 5rem;||border:2px solid #ffcf9a;||z-index: 20;||top: 0;||right: 0;||transform: rotate(45deg) translatey(-70%) ;&#8221; global_colors_info=&#8221;{}&#8221; button_text_color__hover=&#8221;#160b00&#8243; button_text_color__hover_enabled=&#8221;on&#8221; button_bg_color__hover=&#8221;#ffcf9a&#8221; button_bg_color__hover_enabled=&#8221;on&#8221; button_border_color__hover=&#8221;#ffcf9a&#8221; button_border_color__hover_enabled=&#8221;on&#8221;][\/et_pb_post_slider][et_pb_button button_url=&#8221;@ET-DC@eyJkeW5hbWljIjp0cnVlLCJjb250ZW50IjoicG9zdF9saW5rX3VybF9wYWdlIiwic2V0dGluZ3MiOnsicG9zdF9pZCI6IjkwIn19@&#8221; button_text=&#8221;Wszystkie artyku\u0142y&#8221; button_alignment=&#8221;center&#8221; _builder_version=&#8221;4.17.4&#8243; _dynamic_attributes=&#8221;button_url&#8221; _module_preset=&#8221;default&#8221; custom_button=&#8221;on&#8221; button_text_size=&#8221;14px&#8221; button_text_color=&#8221;#ffcf9a&#8221; button_border_color=&#8221;#ffcf9a&#8221; button_border_radius=&#8221;0px&#8221; button_letter_spacing=&#8221;2px&#8221; button_font=&#8221;Montserrat|700||on|||||&#8221; custom_padding=&#8221;15px|25px|15px|25px|true|true&#8221; global_colors_info=&#8221;{}&#8221; button_text_color__hover=&#8221;#160b00&#8243; button_text_color__hover_enabled=&#8221;on&#8221; button_bg_color__hover=&#8221;#ffcf9a&#8221; button_bg_color__hover_enabled=&#8221;on&#8221; button_border_color__hover=&#8221;#ffcf9a&#8221; button_border_color__hover_enabled=&#8221;on&#8221; button_bg_enable_color__hover=&#8221;on&#8221;][\/et_pb_button][\/et_pb_column][\/et_pb_row][\/et_pb_section]<\/p>\n","protected":false},"excerpt":{"rendered":"<p>Dietetyk Kliniczny Monika SaniewskaPomog\u0119 ci skutecznie wr\u00f3ci\u0107 do zdrowia!facebookinstagramtiktokOparty na szczeg\u00f3\u0142owych badaniach i wywiadze zestaw da\u0144 i wskaz\u00f3wek pozwoli osi\u0105gn\u0105\u0107 Twoje cele &#8211; od utraty wagi, po nawet zaj\u015bci\u0119 w ci\u0105\u017ce.\u00a0 &nbsp;Insulinooporno\u015b\u0107, oty\u0142o\u015b\u0107 czy nieprawid\u0142owo\u015bci hormonalne to tylko niekt\u00f3re z chor\u00f3b, kt\u00f3re dotykaj\u0105 bardzo du\u017co ludzi wsp\u00f3\u0142cze\u015bnie. Zadbajmy o to, aby\u015b wyzdrowia\u0142 i pozosta\u0107 zdrowym!Wr\u00f3c [&hellip;]<\/p>\n","protected":false},"author":1,"featured_media":0,"parent":0,"menu_order":0,"comment_status":"closed","ping_status":"closed","template":"","meta":{"_et_pb_use_builder":"on","_et_pb_old_content":"","_et_gb_content_width":"","footnotes":""},"class_list":["post-9","page","type-page","status-publish","hentry"],"_links":{"self":[{"href":"https:\/\/monikasaniewska.pl\/index.php\/wp-json\/wp\/v2\/pages\/9","targetHints":{"allow":["GET"]}}],"collection":[{"href":"https:\/\/monikasaniewska.pl\/index.php\/wp-json\/wp\/v2\/pages"}],"about":[{"href":"https:\/\/monikasaniewska.pl\/index.php\/wp-json\/wp\/v2\/types\/page"}],"author":[{"embeddable":true,"href":"https:\/\/monikasaniewska.pl\/index.php\/wp-json\/wp\/v2\/users\/1"}],"replies":[{"embeddable":true,"href":"https:\/\/monikasaniewska.pl\/index.php\/wp-json\/wp\/v2\/comments?post=9"}],"version-history":[{"count":34,"href":"https:\/\/monikasaniewska.pl\/index.php\/wp-json\/wp\/v2\/pages\/9\/revisions"}],"predecessor-version":[{"id":164,"href":"https:\/\/monikasaniewska.pl\/index.php\/wp-json\/wp\/v2\/pages\/9\/revisions\/164"}],"wp:attachment":[{"href":"https:\/\/monikasaniewska.pl\/index.php\/wp-json\/wp\/v2\/media?parent=9"}],"curies":[{"name":"wp","href":"https:\/\/api.w.org\/{rel}","templated":true}]}}